{"id":3759,"date":"2026-01-14T11:04:38","date_gmt":"2026-01-14T09:04:38","guid":{"rendered":"http:\/\/www.dirkbaumanns.com\/?page_id=3759"},"modified":"2026-01-14T11:53:04","modified_gmt":"2026-01-14T09:53:04","slug":"bambus-campus","status":"publish","type":"page","link":"http:\/\/www.dirkbaumanns.com\/?page_id=3759","title":{"rendered":"BAMBUS CAMPUS"},"content":{"rendered":"<div class=\"wp-block-image\">\n<figure class=\"aligncenter size-full\"><img fetchpriority=\"high\" decoding=\"async\" width=\"689\" height=\"1021\" src=\"http:\/\/www.dirkbaumanns.com\/wp-content\/uploads\/2026\/01\/Bildschirmfoto-2026-01-14-um-10.59.43.png\" alt=\"\" class=\"wp-image-3771\" srcset=\"http:\/\/www.dirkbaumanns.com\/wp-content\/uploads\/2026\/01\/Bildschirmfoto-2026-01-14-um-10.59.43.png 689w, http:\/\/www.dirkbaumanns.com\/wp-content\/uploads\/2026\/01\/Bildschirmfoto-2026-01-14-um-10.59.43-337x500.png 337w\" sizes=\"(max-width: 689px) 100vw, 689px\" \/><\/figure>\n<\/div>\n\n<div class=\"wp-block-image\">\n<figure class=\"aligncenter size-full\"><img decoding=\"async\" width=\"553\" height=\"1005\" src=\"http:\/\/www.dirkbaumanns.com\/wp-content\/uploads\/2026\/01\/Bildschirmfoto-2026-01-14-um-11.00.02.png\" alt=\"\" class=\"wp-image-3772\" srcset=\"http:\/\/www.dirkbaumanns.com\/wp-content\/uploads\/2026\/01\/Bildschirmfoto-2026-01-14-um-11.00.02.png 553w, http:\/\/www.dirkbaumanns.com\/wp-content\/uploads\/2026\/01\/Bildschirmfoto-2026-01-14-um-11.00.02-275x500.png 275w\" sizes=\"(max-width: 553px) 100vw, 553px\" \/><\/figure>\n<\/div>\n\n<div class=\"wp-block-image\">\n<figure class=\"aligncenter size-full\"><img decoding=\"async\" width=\"575\" height=\"1001\" src=\"http:\/\/www.dirkbaumanns.com\/wp-content\/uploads\/2026\/01\/Bildschirmfoto-2026-01-14-um-11.00.19.png\" alt=\"\" class=\"wp-image-3773\" srcset=\"http:\/\/www.dirkbaumanns.com\/wp-content\/uploads\/2026\/01\/Bildschirmfoto-2026-01-14-um-11.00.19.png 575w, http:\/\/www.dirkbaumanns.com\/wp-content\/uploads\/2026\/01\/Bildschirmfoto-2026-01-14-um-11.00.19-287x500.png 287w\" sizes=\"(max-width: 575px) 100vw, 575px\" \/><\/figure>\n<\/div>\n\n<div class=\"wp-block-image\">\n<figure class=\"aligncenter size-full\"><img loading=\"lazy\" decoding=\"async\" width=\"567\" height=\"1001\" src=\"http:\/\/www.dirkbaumanns.com\/wp-content\/uploads\/2026\/01\/Bildschirmfoto-2026-01-14-um-11.00.37.png\" alt=\"\" class=\"wp-image-3775\" srcset=\"http:\/\/www.dirkbaumanns.com\/wp-content\/uploads\/2026\/01\/Bildschirmfoto-2026-01-14-um-11.00.37.png 567w, http:\/\/www.dirkbaumanns.com\/wp-content\/uploads\/2026\/01\/Bildschirmfoto-2026-01-14-um-11.00.37-283x500.png 283w\" sizes=\"(max-width: 567px) 100vw, 567px\" \/><\/figure>\n<\/div>\n\n<div class=\"wp-block-image\">\n<figure class=\"aligncenter size-full\"><img loading=\"lazy\" decoding=\"async\" width=\"645\" height=\"975\" src=\"http:\/\/www.dirkbaumanns.com\/wp-content\/uploads\/2026\/01\/Bildschirmfoto-2026-01-14-um-11.00.55.png\" alt=\"\" class=\"wp-image-3776\" srcset=\"http:\/\/www.dirkbaumanns.com\/wp-content\/uploads\/2026\/01\/Bildschirmfoto-2026-01-14-um-11.00.55.png 645w, http:\/\/www.dirkbaumanns.com\/wp-content\/uploads\/2026\/01\/Bildschirmfoto-2026-01-14-um-11.00.55-331x500.png 331w\" sizes=\"(max-width: 645px) 100vw, 645px\" \/><\/figure>\n<\/div>\n\n<div class=\"wp-block-image\">\n<figure class=\"aligncenter size-full\"><img loading=\"lazy\" decoding=\"async\" width=\"494\" height=\"994\" src=\"http:\/\/www.dirkbaumanns.com\/wp-content\/uploads\/2026\/01\/Bildschirmfoto-2026-01-14-um-11.01.20.png\" alt=\"\" class=\"wp-image-3777\" srcset=\"http:\/\/www.dirkbaumanns.com\/wp-content\/uploads\/2026\/01\/Bildschirmfoto-2026-01-14-um-11.01.20.png 494w, http:\/\/www.dirkbaumanns.com\/wp-content\/uploads\/2026\/01\/Bildschirmfoto-2026-01-14-um-11.01.20-248x500.png 248w\" sizes=\"(max-width: 494px) 100vw, 494px\" \/><\/figure>\n<\/div>\n\n<div class=\"wp-block-image\">\n<figure class=\"aligncenter size-full\"><img loading=\"lazy\" decoding=\"async\" width=\"681\" height=\"935\" src=\"http:\/\/www.dirkbaumanns.com\/wp-content\/uploads\/2026\/01\/Bildschirmfoto-2026-01-14-um-11.01.33.png\" alt=\"\" class=\"wp-image-3778\" srcset=\"http:\/\/www.dirkbaumanns.com\/wp-content\/uploads\/2026\/01\/Bildschirmfoto-2026-01-14-um-11.01.33.png 681w, http:\/\/www.dirkbaumanns.com\/wp-content\/uploads\/2026\/01\/Bildschirmfoto-2026-01-14-um-11.01.33-364x500.png 364w\" sizes=\"(max-width: 681px) 100vw, 681px\" \/><\/figure>\n<\/div>\n\n<div class=\"wp-block-image\">\n<figure class=\"aligncenter size-full\"><img loading=\"lazy\" decoding=\"async\" width=\"612\" height=\"994\" src=\"http:\/\/www.dirkbaumanns.com\/wp-content\/uploads\/2026\/01\/Bildschirmfoto-2026-01-14-um-11.01.51.png\" alt=\"\" class=\"wp-image-3779\" srcset=\"http:\/\/www.dirkbaumanns.com\/wp-content\/uploads\/2026\/01\/Bildschirmfoto-2026-01-14-um-11.01.51.png 612w, http:\/\/www.dirkbaumanns.com\/wp-content\/uploads\/2026\/01\/Bildschirmfoto-2026-01-14-um-11.01.51-308x500.png 308w\" sizes=\"(max-width: 612px) 100vw, 612px\" \/><\/figure>\n<\/div>\n\n<div class=\"wp-block-image\">\n<figure class=\"aligncenter size-large\"><img loading=\"lazy\" decoding=\"async\" width=\"800\" height=\"1024\" src=\"http:\/\/www.dirkbaumanns.com\/wp-content\/uploads\/2026\/01\/Erstes-vor-HfG-800x1024.jpg\" alt=\"\" class=\"wp-image-3781\" srcset=\"http:\/\/www.dirkbaumanns.com\/wp-content\/uploads\/2026\/01\/Erstes-vor-HfG-800x1024.jpg 800w, http:\/\/www.dirkbaumanns.com\/wp-content\/uploads\/2026\/01\/Erstes-vor-HfG-391x500.jpg 391w, http:\/\/www.dirkbaumanns.com\/wp-content\/uploads\/2026\/01\/Erstes-vor-HfG-768x983.jpg 768w, http:\/\/www.dirkbaumanns.com\/wp-content\/uploads\/2026\/01\/Erstes-vor-HfG-1201x1536.jpg 1201w, http:\/\/www.dirkbaumanns.com\/wp-content\/uploads\/2026\/01\/Erstes-vor-HfG-1601x2048.jpg 1601w, http:\/\/www.dirkbaumanns.com\/wp-content\/uploads\/2026\/01\/Erstes-vor-HfG-1070x1369.jpg 1070w, http:\/\/www.dirkbaumanns.com\/wp-content\/uploads\/2026\/01\/Erstes-vor-HfG-scaled.jpg 2001w\" sizes=\"(max-width: 800px) 100vw, 800px\" \/><\/figure>\n<\/div>\n\n\n<p>Die HfG Offenbach steht vor einer historischen Z\u00e4sur. Der Umzug in das Hafengebiet ist nicht nur eine r\u00e4umliche Ver\u00e4nderung, sondern die Chance, die Identit\u00e4t der Hochschule als weltweit f\u00fchrende Innovationsst\u00e4tte neu zu definieren. Ich habe mich um das Amt des Pr\u00e4sidenten beworben, um diesen Neubau nicht nur zu verwalten, sondern ihn zum Fundament einer materialtechnischen und sozialen Revolution zu machen.<\/p>\n\n\n\n<p>Mein Konzept bricht mit konventionellen Architekturvorstellungen: Ich schlage vor, den Neubau im Hafen als reinen Bambus-Bau zu konsolidieren.<\/p>\n\n\n\n<p>Bambus ist die Antwort auf die \u00f6kologische Krise der Bauwirtschaft. Selbst aus Asien importiert ist er nachhaltiger als Beton, w\u00e4chst er auch in Deutschland bis zu einem Meter pro Tag. Dabei bindet\u00a0 er extrem hohe Mengen an CO2 und besitzt eine Zugfestigkeit, die die von Stahl \u00fcbertrifft.\u00a0<\/p>\n\n\n\n<p>W\u00e4hrend die Bauindustrie f\u00fcr einen massiven globalen Emissionsaussto\u00df verantwortlich ist, schaffen wir in Offenbach ein Geb\u00e4ude, das als Kohlenstoffspeicher fungiert. Durch die Verwendung von Bambus als <em>alleinigem<\/em> Konstruktionsmaterial setzen wir ein Zeichen f\u00fcr eine radikale Wende in der deutschen Materialwirtschaft.<\/p>\n\n\n\n<p>Die neue HfG wird kein statisches Geb\u00e4ude, sondern ein lebendes Labor. Ich werde neue Forschungs- und Werkst\u00e4tten gr\u00fcnden, die sich explizit auf die Schnittstelle zwischen Naturmaterial und High-Tech spezialisieren.&nbsp;<\/p>\n\n\n\n<p>Hier werden Verfahren entwickelt, um Bambusfasern und -segmente mittels computergest\u00fctzter Fertigung in komplexe, organische Strukturen zu verwandeln. KI-gest\u00fctzte Designprozesse werden die Statik und Materialeffizienz des Bambusbaus optimieren und v\u00f6llig neue \u00e4sthetische Formen erm\u00f6glichen.<br>Die HfG wird zur f\u00fchrenden Instanz f\u00fcr die Zertifizierung neuer Bautechniken. Wir schaffen die Normen, nach denen die St\u00e4dte von morgen gebaut werden.<br><\/p>\n\n\n\n<p>Ein zentraler Pfeiler meiner Pr\u00e4sidentschaft ist die tiefe Integration der Studierenden in den Entstehungsprozess. Der Bau wird nicht \u201evorgesetzt\u201c, sondern von der Hochschule selbst entwickelt.<\/p>\n\n\n\n<p>Das hei\u00dft Studierende aller Fachbereiche gestalten die Module des Campus aktiv mit. Hierzu werde ich ein Programm etablieren, bei dem Bauvorhaben Studierender gef\u00f6rdert werden. So wird der Campus zu einem Projekt, dass Identifikation schafft.<\/p>\n\n\n\n<p>Unter meiner Leitung werde ich zudem den gro\u00dffl\u00e4chigen Anbau von genetisch modifiziertem Bambus in der Region um Offenbach und Frankfurt veranlassen. Die Modifikationen stellen sicher, dass der Bambus auch in unserem Klima frosthart und sch\u00e4dlingsresistent ist.&nbsp;<\/p>\n\n\n\n<p>Die Verbreitung von einem Meter pro Jahr in der Breite ist durch Sperren leicht kontrollierbar. Sogar eine nachtr\u00e4gliche Entfernung ist bei einer maximalen Wurzeltiefe von einem Meter \u00fcberschaubar. Im Gegensatz zu Monokultur geplagten \u00c4ckern verhindert ein Bambuswald Erosion, h\u00e4lt das Regenwasser, erh\u00f6ht den Grundwasserspiegel und letztlich auch die Biodiversit\u00e4t, w\u00e4hrend er gleichzeitig als Rohstoffquelle f\u00fcr die zuk\u00fcnftigen Erweiterungen und Projekte der Hochschule dient.<\/p>\n\n\n\n<p>Wir bauen kein Geb\u00e4ude \u2013 wir begr\u00fcnden ein neues Zeitalter. Die HfG Offenbach wird unter meiner F\u00fchrung zum internationalen Leuchtturmprojekt f\u00fcr nachhaltige Gestaltung und zukunftsweisende Technologie. Wir werden beweisen, dass eine Kunsthochschule die Kraft hat, die industrielle Basis eines Landes zu transformieren.<\/p>\n\n\n\n<p>Zeitgleich mit meiner Bewerbung habe ich eine Petition f\u00fcr einen ersten staatlich gef\u00f6rderten Bambuswald Deutschlands ver\u00f6ffentlicht: <a href=\"https:\/\/c.org\/2vWd42CjQM\">https:\/\/c.org\/2vWd42CjQM<\/a><\/p>\n\n\n\n<p>Ich freue ich mich \u00fcber ihre Unterst\u00fctzung!<\/p>\n\n\n\n<p>Mit vision\u00e4ren Gr\u00fc\u00dfen<\/p>\n\n\n\n<p>Dirk Baumanns<\/p>\n","protected":false},"excerpt":{"rendered":"<p>Die HfG Offenbach steht vor einer historischen Z\u00e4sur. Der Umzug in das Hafengebiet ist nicht nur eine r\u00e4umliche Ver\u00e4nderung, sondern die Chance, die Identit\u00e4t der Hochschule als weltweit f\u00fchrende Innovationsst\u00e4tte neu zu definieren. Ich habe &hellip;<\/p>\n","protected":false},"author":1,"featured_media":0,"parent":0,"menu_order":0,"comment_status":"closed","ping_status":"closed","template":"","meta":{"_uag_custom_page_level_css":"","advgb_blocks_editor_width":"","advgb_blocks_columns_visual_guide":"","footnotes":""},"class_list":["post-3759","page","type-page","status-publish","hentry"],"uagb_featured_image_src":{"full":false,"thumbnail":false,"medium":false,"medium_large":false,"large":false,"1536x1536":false,"2048x2048":false,"ect-jetpack-portfolio-featured":false,"ect-featured-content":false,"ect-service":false,"post-thumbnail":false,"minimumminimal_single-post-cover":false,"full-width-image":false,"jetpack-portfolio-admin-thumb":false,"featured-content-admin-thumb":false,"service-admin-thumb":false},"uagb_author_info":{"display_name":"Dirk Baumanns","author_link":"http:\/\/www.dirkbaumanns.com\/?author=1"},"uagb_comment_info":0,"uagb_excerpt":"Die HfG Offenbach steht vor einer historischen Z\u00e4sur. Der Umzug in das Hafengebiet ist nicht nur eine r\u00e4umliche Ver\u00e4nderung, sondern die Chance, die Identit\u00e4t der Hochschule als weltweit f\u00fchrende Innovationsst\u00e4tte neu zu definieren. Ich habe &hellip;","coauthors":[],"author_meta":{"author_link":"http:\/\/www.dirkbaumanns.com\/?author=1","display_name":"Dirk Baumanns"},"relative_dates":{"created":"Ver\u00f6ffentlicht 3\u00a0Monaten vor","modified":"Aktualisiert 3\u00a0Monaten vor"},"absolute_dates":{"created":"Ver\u00f6ffentlicht am Januar 14, 2026","modified":"Aktualisiert am Januar 14, 2026"},"absolute_dates_time":{"created":"Ver\u00f6ffentlicht am Januar 14, 2026 11:04 a.m.","modified":"Aktualisiert am Januar 14, 2026 11:53 a.m."},"featured_img_caption":"","featured_img":false,"series_order":"","jetpack_sharing_enabled":true,"_links":{"self":[{"href":"http:\/\/www.dirkbaumanns.com\/index.php?rest_route=\/wp\/v2\/pages\/3759","targetHints":{"allow":["GET"]}}],"collection":[{"href":"http:\/\/www.dirkbaumanns.com\/index.php?rest_route=\/wp\/v2\/pages"}],"about":[{"href":"http:\/\/www.dirkbaumanns.com\/index.php?rest_route=\/wp\/v2\/types\/page"}],"author":[{"embeddable":true,"href":"http:\/\/www.dirkbaumanns.com\/index.php?rest_route=\/wp\/v2\/users\/1"}],"replies":[{"embeddable":true,"href":"http:\/\/www.dirkbaumanns.com\/index.php?rest_route=%2Fwp%2Fv2%2Fcomments&post=3759"}],"version-history":[{"count":5,"href":"http:\/\/www.dirkbaumanns.com\/index.php?rest_route=\/wp\/v2\/pages\/3759\/revisions"}],"predecessor-version":[{"id":3784,"href":"http:\/\/www.dirkbaumanns.com\/index.php?rest_route=\/wp\/v2\/pages\/3759\/revisions\/3784"}],"wp:attachment":[{"href":"http:\/\/www.dirkbaumanns.com\/index.php?rest_route=%2Fwp%2Fv2%2Fmedia&parent=3759"}],"curies":[{"name":"wp","href":"https:\/\/api.w.org\/{rel}","templated":true}]}}