{"id":73,"date":"2020-03-08T14:37:48","date_gmt":"2020-03-08T14:37:48","guid":{"rendered":"http:\/\/www.dirkbaumanns.com\/?page_id=73"},"modified":"2024-06-23T22:30:14","modified_gmt":"2024-06-23T20:30:14","slug":"installations","status":"publish","type":"page","link":"http:\/\/www.dirkbaumanns.com\/?page_id=73","title":{"rendered":"INSTALLATIONS"},"content":{"rendered":"\n<figure class=\"wp-block-gallery has-nested-images columns-default is-cropped wp-block-gallery-1 is-layout-flex wp-block-gallery-is-layout-flex\">\n<figure class=\"wp-block-image size-large\"><a href=\"http:\/\/www.dirkbaumanns.com\/wp-content\/uploads\/2020\/10\/IMG_6706-scaled.jpg\"><img fetchpriority=\"high\" decoding=\"async\" width=\"2560\" height=\"1707\" data-id=\"1702\" src=\"http:\/\/www.dirkbaumanns.com\/wp-content\/uploads\/2020\/10\/IMG_6706-scaled.jpg\" alt=\"\" class=\"wp-image-1702\" srcset=\"http:\/\/www.dirkbaumanns.com\/wp-content\/uploads\/2020\/10\/IMG_6706-scaled.jpg 2560w, http:\/\/www.dirkbaumanns.com\/wp-content\/uploads\/2020\/10\/IMG_6706-500x333.jpg 500w, http:\/\/www.dirkbaumanns.com\/wp-content\/uploads\/2020\/10\/IMG_6706-768x512.jpg 768w, http:\/\/www.dirkbaumanns.com\/wp-content\/uploads\/2020\/10\/IMG_6706-2048x1365.jpg 2048w\" sizes=\"(max-width: 2560px) 100vw, 2560px\" \/><\/a><figcaption class=\"wp-element-caption\">HUN DUN, <br>4 x 15 m,<br>plastic and oil barrels, <br>699 Art Center<br>Nanchang China, <br>2018<\/figcaption><\/figure>\n\n\n\n<figure class=\"wp-block-image size-large\"><a href=\"http:\/\/www.dirkbaumanns.com\/wp-content\/uploads\/2020\/10\/20180107_121707-scaled.jpg\"><img decoding=\"async\" width=\"1024\" height=\"768\" data-id=\"1566\" src=\"http:\/\/www.dirkbaumanns.com\/wp-content\/uploads\/2020\/10\/20180107_121707-1024x768.jpg\" alt=\"\" class=\"wp-image-1566\" srcset=\"http:\/\/www.dirkbaumanns.com\/wp-content\/uploads\/2020\/10\/20180107_121707-1024x768.jpg 1024w, http:\/\/www.dirkbaumanns.com\/wp-content\/uploads\/2020\/10\/20180107_121707-500x375.jpg 500w, http:\/\/www.dirkbaumanns.com\/wp-content\/uploads\/2020\/10\/20180107_121707-768x576.jpg 768w, http:\/\/www.dirkbaumanns.com\/wp-content\/uploads\/2020\/10\/20180107_121707-1536x1152.jpg 1536w, http:\/\/www.dirkbaumanns.com\/wp-content\/uploads\/2020\/10\/20180107_121707-2048x1536.jpg 2048w, http:\/\/www.dirkbaumanns.com\/wp-content\/uploads\/2020\/10\/20180107_121707-1070x803.jpg 1070w\" sizes=\"(max-width: 1024px) 100vw, 1024px\" \/><\/a><\/figure>\n\n\n\n<figure class=\"wp-block-image size-large\"><a href=\"http:\/\/www.dirkbaumanns.com\/wp-content\/uploads\/2020\/10\/IMG_6694.jpg\"><img decoding=\"async\" width=\"1024\" height=\"683\" data-id=\"1698\" src=\"http:\/\/www.dirkbaumanns.com\/wp-content\/uploads\/2020\/10\/IMG_6694-1024x683.jpg\" alt=\"\" class=\"wp-image-1698\" srcset=\"http:\/\/www.dirkbaumanns.com\/wp-content\/uploads\/2020\/10\/IMG_6694-1024x683.jpg 1024w, http:\/\/www.dirkbaumanns.com\/wp-content\/uploads\/2020\/10\/IMG_6694-500x333.jpg 500w, http:\/\/www.dirkbaumanns.com\/wp-content\/uploads\/2020\/10\/IMG_6694-768x512.jpg 768w, http:\/\/www.dirkbaumanns.com\/wp-content\/uploads\/2020\/10\/IMG_6694-1070x713.jpg 1070w, http:\/\/www.dirkbaumanns.com\/wp-content\/uploads\/2020\/10\/IMG_6694.jpg 1536w\" sizes=\"(max-width: 1024px) 100vw, 1024px\" \/><\/a><\/figure>\n\n\n\n<figure class=\"wp-block-image size-large\"><a href=\"http:\/\/www.dirkbaumanns.com\/wp-content\/uploads\/2020\/10\/IMG_6522-2.jpg\"><img loading=\"lazy\" decoding=\"async\" width=\"1024\" height=\"683\" data-id=\"1706\" src=\"http:\/\/www.dirkbaumanns.com\/wp-content\/uploads\/2020\/10\/IMG_6522-2-1024x683.jpg\" alt=\"\" class=\"wp-image-1706\" srcset=\"http:\/\/www.dirkbaumanns.com\/wp-content\/uploads\/2020\/10\/IMG_6522-2-1024x683.jpg 1024w, http:\/\/www.dirkbaumanns.com\/wp-content\/uploads\/2020\/10\/IMG_6522-2-500x333.jpg 500w, http:\/\/www.dirkbaumanns.com\/wp-content\/uploads\/2020\/10\/IMG_6522-2-768x512.jpg 768w, http:\/\/www.dirkbaumanns.com\/wp-content\/uploads\/2020\/10\/IMG_6522-2-1070x713.jpg 1070w, http:\/\/www.dirkbaumanns.com\/wp-content\/uploads\/2020\/10\/IMG_6522-2.jpg 1536w\" sizes=\"(max-width: 1024px) 100vw, 1024px\" \/><\/a><figcaption class=\"wp-element-caption\">699 Art Center<br>Nanchang China,<br>2018<\/figcaption><\/figure>\n\n\n\n<figure class=\"wp-block-image size-large\"><a href=\"http:\/\/www.dirkbaumanns.com\/wp-content\/uploads\/2020\/10\/IMG_6682.jpg\"><img loading=\"lazy\" decoding=\"async\" width=\"683\" height=\"1024\" data-id=\"1707\" src=\"http:\/\/www.dirkbaumanns.com\/wp-content\/uploads\/2020\/10\/IMG_6682.jpg\" alt=\"\" class=\"wp-image-1707\" srcset=\"http:\/\/www.dirkbaumanns.com\/wp-content\/uploads\/2020\/10\/IMG_6682.jpg 683w, http:\/\/www.dirkbaumanns.com\/wp-content\/uploads\/2020\/10\/IMG_6682-333x500.jpg 333w\" sizes=\"(max-width: 683px) 100vw, 683px\" \/><\/a><figcaption class=\"wp-element-caption\">SPECTACLE ART 2018,<br>699 Art Center<br>Nanchang China,<br>2018<\/figcaption><\/figure>\n\n\n\n<figure class=\"wp-block-image size-large\"><a href=\"http:\/\/www.dirkbaumanns.com\/wp-content\/uploads\/2020\/10\/IMG_6684.jpg\"><img loading=\"lazy\" decoding=\"async\" width=\"1024\" height=\"683\" data-id=\"1697\" src=\"http:\/\/www.dirkbaumanns.com\/wp-content\/uploads\/2020\/10\/IMG_6684-1024x683.jpg\" alt=\"\" class=\"wp-image-1697\" srcset=\"http:\/\/www.dirkbaumanns.com\/wp-content\/uploads\/2020\/10\/IMG_6684-1024x683.jpg 1024w, http:\/\/www.dirkbaumanns.com\/wp-content\/uploads\/2020\/10\/IMG_6684-500x333.jpg 500w, http:\/\/www.dirkbaumanns.com\/wp-content\/uploads\/2020\/10\/IMG_6684-768x512.jpg 768w, http:\/\/www.dirkbaumanns.com\/wp-content\/uploads\/2020\/10\/IMG_6684-1070x713.jpg 1070w, http:\/\/www.dirkbaumanns.com\/wp-content\/uploads\/2020\/10\/IMG_6684.jpg 1536w\" sizes=\"(max-width: 1024px) 100vw, 1024px\" \/><\/a><figcaption class=\"wp-element-caption\">SAN HUANG,<br>3 x 2 m,<br>chinese ink on paper,<br>Nanchang China,<br>2018<\/figcaption><\/figure>\n\n\n\n<figure class=\"wp-block-image size-large\"><a href=\"http:\/\/www.dirkbaumanns.com\/wp-content\/uploads\/2020\/10\/IMG_6697.jpg\"><img loading=\"lazy\" decoding=\"async\" width=\"683\" height=\"1024\" data-id=\"1699\" src=\"http:\/\/www.dirkbaumanns.com\/wp-content\/uploads\/2020\/10\/IMG_6697.jpg\" alt=\"\" class=\"wp-image-1699\" srcset=\"http:\/\/www.dirkbaumanns.com\/wp-content\/uploads\/2020\/10\/IMG_6697.jpg 683w, http:\/\/www.dirkbaumanns.com\/wp-content\/uploads\/2020\/10\/IMG_6697-333x500.jpg 333w\" sizes=\"(max-width: 683px) 100vw, 683px\" \/><\/a><\/figure>\n\n\n\n<figure class=\"wp-block-image size-large\"><a href=\"http:\/\/www.dirkbaumanns.com\/wp-content\/uploads\/2020\/10\/IMG_6714.jpg\"><img loading=\"lazy\" decoding=\"async\" width=\"683\" height=\"1024\" data-id=\"1705\" src=\"http:\/\/www.dirkbaumanns.com\/wp-content\/uploads\/2020\/10\/IMG_6714.jpg\" alt=\"\" class=\"wp-image-1705\" srcset=\"http:\/\/www.dirkbaumanns.com\/wp-content\/uploads\/2020\/10\/IMG_6714.jpg 683w, http:\/\/www.dirkbaumanns.com\/wp-content\/uploads\/2020\/10\/IMG_6714-333x500.jpg 333w\" sizes=\"(max-width: 683px) 100vw, 683px\" \/><\/a><\/figure>\n\n\n\n<figure class=\"wp-block-image size-large\"><a href=\"http:\/\/www.dirkbaumanns.com\/wp-content\/uploads\/2020\/10\/IMG_6711.jpg\"><img loading=\"lazy\" decoding=\"async\" width=\"1024\" height=\"683\" data-id=\"1704\" src=\"http:\/\/www.dirkbaumanns.com\/wp-content\/uploads\/2020\/10\/IMG_6711-1024x683.jpg\" alt=\"\" class=\"wp-image-1704\" srcset=\"http:\/\/www.dirkbaumanns.com\/wp-content\/uploads\/2020\/10\/IMG_6711-1024x683.jpg 1024w, http:\/\/www.dirkbaumanns.com\/wp-content\/uploads\/2020\/10\/IMG_6711-500x333.jpg 500w, http:\/\/www.dirkbaumanns.com\/wp-content\/uploads\/2020\/10\/IMG_6711-768x512.jpg 768w, http:\/\/www.dirkbaumanns.com\/wp-content\/uploads\/2020\/10\/IMG_6711-1070x713.jpg 1070w, http:\/\/www.dirkbaumanns.com\/wp-content\/uploads\/2020\/10\/IMG_6711.jpg 1536w\" sizes=\"(max-width: 1024px) 100vw, 1024px\" \/><\/a><\/figure>\n\n\n\n<figure class=\"wp-block-image size-large\"><a href=\"http:\/\/www.dirkbaumanns.com\/wp-content\/uploads\/2020\/10\/FB_IMG_1602401298310.jpg\"><img loading=\"lazy\" decoding=\"async\" width=\"720\" height=\"480\" data-id=\"1450\" src=\"http:\/\/www.dirkbaumanns.com\/wp-content\/uploads\/2020\/10\/FB_IMG_1602401298310.jpg\" alt=\"\" class=\"wp-image-1450\" srcset=\"http:\/\/www.dirkbaumanns.com\/wp-content\/uploads\/2020\/10\/FB_IMG_1602401298310.jpg 720w, http:\/\/www.dirkbaumanns.com\/wp-content\/uploads\/2020\/10\/FB_IMG_1602401298310-500x333.jpg 500w\" sizes=\"(max-width: 720px) 100vw, 720px\" \/><\/a><figcaption class=\"wp-element-caption\">CCTV is watching you,<br>Festhalle Frankfurt,<br>2018<\/figcaption><\/figure>\n\n\n\n<figure class=\"wp-block-image size-large\"><a href=\"http:\/\/www.dirkbaumanns.com\/wp-content\/uploads\/2020\/10\/FB_IMG_1602401292959.jpg\"><img loading=\"lazy\" decoding=\"async\" width=\"683\" height=\"1024\" data-id=\"1441\" src=\"http:\/\/www.dirkbaumanns.com\/wp-content\/uploads\/2020\/10\/FB_IMG_1602401292959-683x1024.jpg\" alt=\"\" class=\"wp-image-1441\" srcset=\"http:\/\/www.dirkbaumanns.com\/wp-content\/uploads\/2020\/10\/FB_IMG_1602401292959-683x1024.jpg 683w, http:\/\/www.dirkbaumanns.com\/wp-content\/uploads\/2020\/10\/FB_IMG_1602401292959-334x500.jpg 334w, http:\/\/www.dirkbaumanns.com\/wp-content\/uploads\/2020\/10\/FB_IMG_1602401292959.jpg 720w\" sizes=\"(max-width: 683px) 100vw, 683px\" \/><\/a><\/figure>\n\n\n\n<figure class=\"wp-block-image size-large\"><a href=\"http:\/\/www.dirkbaumanns.com\/wp-content\/uploads\/2020\/10\/FB_IMG_1602401305984.jpg\"><img loading=\"lazy\" decoding=\"async\" width=\"720\" height=\"960\" data-id=\"1455\" src=\"http:\/\/www.dirkbaumanns.com\/wp-content\/uploads\/2020\/10\/FB_IMG_1602401305984.jpg\" alt=\"\" class=\"wp-image-1455\" srcset=\"http:\/\/www.dirkbaumanns.com\/wp-content\/uploads\/2020\/10\/FB_IMG_1602401305984.jpg 720w, http:\/\/www.dirkbaumanns.com\/wp-content\/uploads\/2020\/10\/FB_IMG_1602401305984-375x500.jpg 375w\" sizes=\"(max-width: 720px) 100vw, 720px\" \/><\/a><\/figure>\n\n\n\n<figure class=\"wp-block-image size-large\"><a href=\"http:\/\/www.dirkbaumanns.com\/wp-content\/uploads\/2020\/10\/FB_IMG_1602401295684.jpg\"><img loading=\"lazy\" decoding=\"async\" width=\"683\" height=\"1024\" data-id=\"1449\" src=\"http:\/\/www.dirkbaumanns.com\/wp-content\/uploads\/2020\/10\/FB_IMG_1602401295684-683x1024.jpg\" alt=\"\" class=\"wp-image-1449\" srcset=\"http:\/\/www.dirkbaumanns.com\/wp-content\/uploads\/2020\/10\/FB_IMG_1602401295684-683x1024.jpg 683w, http:\/\/www.dirkbaumanns.com\/wp-content\/uploads\/2020\/10\/FB_IMG_1602401295684-334x500.jpg 334w, http:\/\/www.dirkbaumanns.com\/wp-content\/uploads\/2020\/10\/FB_IMG_1602401295684.jpg 720w\" sizes=\"(max-width: 683px) 100vw, 683px\" \/><\/a><\/figure>\n\n\n\n<figure class=\"wp-block-image size-large\"><a href=\"http:\/\/www.dirkbaumanns.com\/wp-content\/uploads\/2020\/10\/FB_IMG_1602401300918.jpg\"><img loading=\"lazy\" decoding=\"async\" width=\"683\" height=\"1024\" data-id=\"1451\" src=\"http:\/\/www.dirkbaumanns.com\/wp-content\/uploads\/2020\/10\/FB_IMG_1602401300918-683x1024.jpg\" alt=\"\" class=\"wp-image-1451\" srcset=\"http:\/\/www.dirkbaumanns.com\/wp-content\/uploads\/2020\/10\/FB_IMG_1602401300918-683x1024.jpg 683w, http:\/\/www.dirkbaumanns.com\/wp-content\/uploads\/2020\/10\/FB_IMG_1602401300918-334x500.jpg 334w, http:\/\/www.dirkbaumanns.com\/wp-content\/uploads\/2020\/10\/FB_IMG_1602401300918.jpg 720w\" sizes=\"(max-width: 683px) 100vw, 683px\" \/><\/a><\/figure>\n\n\n\n<figure class=\"wp-block-image size-large\"><a href=\"http:\/\/www.dirkbaumanns.com\/wp-content\/uploads\/2020\/10\/FB_IMG_1602401303544.jpg\"><img loading=\"lazy\" decoding=\"async\" width=\"683\" height=\"1024\" data-id=\"1453\" src=\"http:\/\/www.dirkbaumanns.com\/wp-content\/uploads\/2020\/10\/FB_IMG_1602401303544-683x1024.jpg\" alt=\"\" class=\"wp-image-1453\" srcset=\"http:\/\/www.dirkbaumanns.com\/wp-content\/uploads\/2020\/10\/FB_IMG_1602401303544-683x1024.jpg 683w, http:\/\/www.dirkbaumanns.com\/wp-content\/uploads\/2020\/10\/FB_IMG_1602401303544-334x500.jpg 334w, http:\/\/www.dirkbaumanns.com\/wp-content\/uploads\/2020\/10\/FB_IMG_1602401303544.jpg 720w\" sizes=\"(max-width: 683px) 100vw, 683px\" \/><\/a><\/figure>\n\n\n\n<figure class=\"wp-block-image size-large\"><a href=\"http:\/\/www.dirkbaumanns.com\/wp-content\/uploads\/2020\/10\/FB_IMG_1602401338736.jpg\"><img loading=\"lazy\" decoding=\"async\" width=\"720\" height=\"540\" data-id=\"1443\" src=\"http:\/\/www.dirkbaumanns.com\/wp-content\/uploads\/2020\/10\/FB_IMG_1602401338736.jpg\" alt=\"\" class=\"wp-image-1443\" srcset=\"http:\/\/www.dirkbaumanns.com\/wp-content\/uploads\/2020\/10\/FB_IMG_1602401338736.jpg 720w, http:\/\/www.dirkbaumanns.com\/wp-content\/uploads\/2020\/10\/FB_IMG_1602401338736-500x375.jpg 500w\" sizes=\"(max-width: 720px) 100vw, 720px\" \/><\/a><\/figure>\n\n\n\n<figure class=\"wp-block-image size-large\"><a href=\"http:\/\/www.dirkbaumanns.com\/wp-content\/uploads\/2020\/10\/FB_IMG_1602401344022.jpg\"><img loading=\"lazy\" decoding=\"async\" width=\"720\" height=\"973\" data-id=\"1446\" src=\"http:\/\/www.dirkbaumanns.com\/wp-content\/uploads\/2020\/10\/FB_IMG_1602401344022.jpg\" alt=\"\" class=\"wp-image-1446\" srcset=\"http:\/\/www.dirkbaumanns.com\/wp-content\/uploads\/2020\/10\/FB_IMG_1602401344022.jpg 720w, http:\/\/www.dirkbaumanns.com\/wp-content\/uploads\/2020\/10\/FB_IMG_1602401344022-370x500.jpg 370w\" sizes=\"(max-width: 720px) 100vw, 720px\" \/><\/a><\/figure>\n\n\n\n<figure class=\"wp-block-image size-large\"><a href=\"http:\/\/www.dirkbaumanns.com\/wp-content\/uploads\/2020\/10\/FB_IMG_1602401331965.jpg\"><img loading=\"lazy\" decoding=\"async\" width=\"720\" height=\"540\" data-id=\"1458\" src=\"http:\/\/www.dirkbaumanns.com\/wp-content\/uploads\/2020\/10\/FB_IMG_1602401331965.jpg\" alt=\"\" class=\"wp-image-1458\" srcset=\"http:\/\/www.dirkbaumanns.com\/wp-content\/uploads\/2020\/10\/FB_IMG_1602401331965.jpg 720w, http:\/\/www.dirkbaumanns.com\/wp-content\/uploads\/2020\/10\/FB_IMG_1602401331965-500x375.jpg 500w\" sizes=\"(max-width: 720px) 100vw, 720px\" \/><\/a><\/figure>\n\n\n\n<figure class=\"wp-block-image size-large\"><a href=\"http:\/\/www.dirkbaumanns.com\/wp-content\/uploads\/2020\/10\/FB_IMG_1602401341562.jpg\"><img loading=\"lazy\" decoding=\"async\" width=\"720\" height=\"960\" data-id=\"1444\" src=\"http:\/\/www.dirkbaumanns.com\/wp-content\/uploads\/2020\/10\/FB_IMG_1602401341562.jpg\" alt=\"\" class=\"wp-image-1444\" srcset=\"http:\/\/www.dirkbaumanns.com\/wp-content\/uploads\/2020\/10\/FB_IMG_1602401341562.jpg 720w, http:\/\/www.dirkbaumanns.com\/wp-content\/uploads\/2020\/10\/FB_IMG_1602401341562-375x500.jpg 375w\" sizes=\"(max-width: 720px) 100vw, 720px\" \/><\/a><\/figure>\n\n\n\n<figure class=\"wp-block-image size-large\"><a href=\"http:\/\/www.dirkbaumanns.com\/wp-content\/uploads\/2020\/10\/FB_IMG_1602401346581.jpg\"><img loading=\"lazy\" decoding=\"async\" width=\"720\" height=\"966\" data-id=\"1448\" src=\"http:\/\/www.dirkbaumanns.com\/wp-content\/uploads\/2020\/10\/FB_IMG_1602401346581.jpg\" alt=\"\" class=\"wp-image-1448\" srcset=\"http:\/\/www.dirkbaumanns.com\/wp-content\/uploads\/2020\/10\/FB_IMG_1602401346581.jpg 720w, http:\/\/www.dirkbaumanns.com\/wp-content\/uploads\/2020\/10\/FB_IMG_1602401346581-373x500.jpg 373w\" sizes=\"(max-width: 720px) 100vw, 720px\" \/><\/a><figcaption class=\"wp-element-caption\">DAS BILD WAS KEINER TEILEN KANN,<br>Oststern Frankfurt,<br>2018<\/figcaption><\/figure>\n\n\n\n<figure class=\"wp-block-image size-large\"><a href=\"http:\/\/www.dirkbaumanns.com\/wp-content\/uploads\/2020\/10\/FB_IMG_1602401334475.jpg\"><img loading=\"lazy\" decoding=\"async\" width=\"720\" height=\"540\" data-id=\"1460\" src=\"http:\/\/www.dirkbaumanns.com\/wp-content\/uploads\/2020\/10\/FB_IMG_1602401334475.jpg\" alt=\"\" class=\"wp-image-1460\" srcset=\"http:\/\/www.dirkbaumanns.com\/wp-content\/uploads\/2020\/10\/FB_IMG_1602401334475.jpg 720w, http:\/\/www.dirkbaumanns.com\/wp-content\/uploads\/2020\/10\/FB_IMG_1602401334475-500x375.jpg 500w\" sizes=\"(max-width: 720px) 100vw, 720px\" \/><\/a><\/figure>\n\n\n\n<figure class=\"wp-block-image size-large\"><a href=\"http:\/\/www.dirkbaumanns.com\/wp-content\/uploads\/2020\/10\/FB_IMG_1602401269988.jpg\"><img loading=\"lazy\" decoding=\"async\" width=\"720\" height=\"405\" data-id=\"1447\" src=\"http:\/\/www.dirkbaumanns.com\/wp-content\/uploads\/2020\/10\/FB_IMG_1602401269988.jpg\" alt=\"\" class=\"wp-image-1447\" srcset=\"http:\/\/www.dirkbaumanns.com\/wp-content\/uploads\/2020\/10\/FB_IMG_1602401269988.jpg 720w, http:\/\/www.dirkbaumanns.com\/wp-content\/uploads\/2020\/10\/FB_IMG_1602401269988-500x281.jpg 500w\" sizes=\"(max-width: 720px) 100vw, 720px\" \/><\/a><figcaption class=\"wp-element-caption\">SOMMERFEST DER PARTEI DIE GR\u00dcNEN,<br>FRANKFURT,<br>2015<\/figcaption><\/figure>\n\n\n\n<figure class=\"wp-block-image size-large\"><a href=\"http:\/\/www.dirkbaumanns.com\/wp-content\/uploads\/2020\/10\/FB_IMG_1602401243769.jpg\"><img loading=\"lazy\" decoding=\"async\" width=\"640\" height=\"852\" data-id=\"1452\" src=\"http:\/\/www.dirkbaumanns.com\/wp-content\/uploads\/2020\/10\/FB_IMG_1602401243769.jpg\" alt=\"\" class=\"wp-image-1452\" srcset=\"http:\/\/www.dirkbaumanns.com\/wp-content\/uploads\/2020\/10\/FB_IMG_1602401243769.jpg 640w, http:\/\/www.dirkbaumanns.com\/wp-content\/uploads\/2020\/10\/FB_IMG_1602401243769-376x500.jpg 376w\" sizes=\"(max-width: 640px) 100vw, 640px\" \/><\/a><\/figure>\n\n\n\n<figure class=\"wp-block-image size-large\"><a href=\"http:\/\/www.dirkbaumanns.com\/wp-content\/uploads\/2020\/10\/FB_IMG_1602401249423.jpg\"><img loading=\"lazy\" decoding=\"async\" width=\"576\" height=\"1024\" data-id=\"1454\" src=\"http:\/\/www.dirkbaumanns.com\/wp-content\/uploads\/2020\/10\/FB_IMG_1602401249423-576x1024.jpg\" alt=\"\" class=\"wp-image-1454\" srcset=\"http:\/\/www.dirkbaumanns.com\/wp-content\/uploads\/2020\/10\/FB_IMG_1602401249423-576x1024.jpg 576w, http:\/\/www.dirkbaumanns.com\/wp-content\/uploads\/2020\/10\/FB_IMG_1602401249423-281x500.jpg 281w, http:\/\/www.dirkbaumanns.com\/wp-content\/uploads\/2020\/10\/FB_IMG_1602401249423.jpg 720w\" sizes=\"(max-width: 576px) 100vw, 576px\" \/><\/a><\/figure>\n\n\n\n<figure class=\"wp-block-image size-large\"><a href=\"http:\/\/www.dirkbaumanns.com\/wp-content\/uploads\/2020\/10\/FB_IMG_1602401257631.jpg\"><img loading=\"lazy\" decoding=\"async\" width=\"576\" height=\"1024\" data-id=\"1459\" src=\"http:\/\/www.dirkbaumanns.com\/wp-content\/uploads\/2020\/10\/FB_IMG_1602401257631-576x1024.jpg\" alt=\"\" class=\"wp-image-1459\" srcset=\"http:\/\/www.dirkbaumanns.com\/wp-content\/uploads\/2020\/10\/FB_IMG_1602401257631-576x1024.jpg 576w, http:\/\/www.dirkbaumanns.com\/wp-content\/uploads\/2020\/10\/FB_IMG_1602401257631-281x500.jpg 281w, http:\/\/www.dirkbaumanns.com\/wp-content\/uploads\/2020\/10\/FB_IMG_1602401257631.jpg 720w\" sizes=\"(max-width: 576px) 100vw, 576px\" \/><\/a><\/figure>\n\n\n\n<figure class=\"wp-block-image size-large\"><a href=\"http:\/\/www.dirkbaumanns.com\/wp-content\/uploads\/2020\/10\/FB_IMG_1602401264028.jpg\"><img loading=\"lazy\" decoding=\"async\" width=\"576\" height=\"1024\" data-id=\"1462\" src=\"http:\/\/www.dirkbaumanns.com\/wp-content\/uploads\/2020\/10\/FB_IMG_1602401264028-576x1024.jpg\" alt=\"\" class=\"wp-image-1462\" srcset=\"http:\/\/www.dirkbaumanns.com\/wp-content\/uploads\/2020\/10\/FB_IMG_1602401264028-576x1024.jpg 576w, http:\/\/www.dirkbaumanns.com\/wp-content\/uploads\/2020\/10\/FB_IMG_1602401264028-281x500.jpg 281w, http:\/\/www.dirkbaumanns.com\/wp-content\/uploads\/2020\/10\/FB_IMG_1602401264028.jpg 720w\" sizes=\"(max-width: 576px) 100vw, 576px\" \/><\/a><\/figure>\n\n\n\n<figure class=\"wp-block-image size-large\"><a href=\"http:\/\/www.dirkbaumanns.com\/wp-content\/uploads\/2020\/10\/FB_IMG_1602401261074.jpg\"><img loading=\"lazy\" decoding=\"async\" width=\"720\" height=\"405\" data-id=\"1461\" src=\"http:\/\/www.dirkbaumanns.com\/wp-content\/uploads\/2020\/10\/FB_IMG_1602401261074.jpg\" alt=\"\" class=\"wp-image-1461\" srcset=\"http:\/\/www.dirkbaumanns.com\/wp-content\/uploads\/2020\/10\/FB_IMG_1602401261074.jpg 720w, http:\/\/www.dirkbaumanns.com\/wp-content\/uploads\/2020\/10\/FB_IMG_1602401261074-500x281.jpg 500w\" sizes=\"(max-width: 720px) 100vw, 720px\" \/><\/a><\/figure>\n\n\n\n<figure class=\"wp-block-image size-large\"><a href=\"http:\/\/www.dirkbaumanns.com\/wp-content\/uploads\/2020\/10\/20160204_204932-scaled.jpg\"><img loading=\"lazy\" decoding=\"async\" width=\"1440\" height=\"2560\" data-id=\"1679\" src=\"http:\/\/www.dirkbaumanns.com\/wp-content\/uploads\/2020\/10\/20160204_204932-scaled.jpg\" alt=\"\" class=\"wp-image-1679\" srcset=\"http:\/\/www.dirkbaumanns.com\/wp-content\/uploads\/2020\/10\/20160204_204932-scaled.jpg 1440w, http:\/\/www.dirkbaumanns.com\/wp-content\/uploads\/2020\/10\/20160204_204932-281x500.jpg 281w, http:\/\/www.dirkbaumanns.com\/wp-content\/uploads\/2020\/10\/20160204_204932-768x1365.jpg 768w, http:\/\/www.dirkbaumanns.com\/wp-content\/uploads\/2020\/10\/20160204_204932-864x1536.jpg 864w, http:\/\/www.dirkbaumanns.com\/wp-content\/uploads\/2020\/10\/20160204_204932-1152x2048.jpg 1152w, http:\/\/www.dirkbaumanns.com\/wp-content\/uploads\/2020\/10\/20160204_204932-1070x1902.jpg 1070w\" sizes=\"(max-width: 1440px) 100vw, 1440px\" \/><\/a><\/figure>\n\n\n\n<figure class=\"wp-block-image size-large\"><a href=\"http:\/\/www.dirkbaumanns.com\/wp-content\/uploads\/2020\/10\/20160204_204813-scaled.jpg\"><img loading=\"lazy\" decoding=\"async\" width=\"2560\" height=\"1440\" data-id=\"1678\" src=\"http:\/\/www.dirkbaumanns.com\/wp-content\/uploads\/2020\/10\/20160204_204813-scaled.jpg\" alt=\"\" class=\"wp-image-1678\" srcset=\"http:\/\/www.dirkbaumanns.com\/wp-content\/uploads\/2020\/10\/20160204_204813-scaled.jpg 2560w, http:\/\/www.dirkbaumanns.com\/wp-content\/uploads\/2020\/10\/20160204_204813-500x281.jpg 500w, http:\/\/www.dirkbaumanns.com\/wp-content\/uploads\/2020\/10\/20160204_204813-768x432.jpg 768w, http:\/\/www.dirkbaumanns.com\/wp-content\/uploads\/2020\/10\/20160204_204813-1536x864.jpg 1536w, http:\/\/www.dirkbaumanns.com\/wp-content\/uploads\/2020\/10\/20160204_204813-2048x1152.jpg 2048w\" sizes=\"(max-width: 2560px) 100vw, 2560px\" \/><\/a><\/figure>\n\n\n\n<figure class=\"wp-block-image size-large\"><a href=\"http:\/\/www.dirkbaumanns.com\/wp-content\/uploads\/2020\/10\/20160122_210626-scaled.jpg\"><img loading=\"lazy\" decoding=\"async\" width=\"2560\" height=\"1440\" data-id=\"1677\" src=\"http:\/\/www.dirkbaumanns.com\/wp-content\/uploads\/2020\/10\/20160122_210626-scaled.jpg\" alt=\"\" class=\"wp-image-1677\" srcset=\"http:\/\/www.dirkbaumanns.com\/wp-content\/uploads\/2020\/10\/20160122_210626-scaled.jpg 2560w, http:\/\/www.dirkbaumanns.com\/wp-content\/uploads\/2020\/10\/20160122_210626-500x281.jpg 500w, http:\/\/www.dirkbaumanns.com\/wp-content\/uploads\/2020\/10\/20160122_210626-768x432.jpg 768w, http:\/\/www.dirkbaumanns.com\/wp-content\/uploads\/2020\/10\/20160122_210626-1536x864.jpg 1536w, http:\/\/www.dirkbaumanns.com\/wp-content\/uploads\/2020\/10\/20160122_210626-2048x1152.jpg 2048w\" sizes=\"(max-width: 2560px) 100vw, 2560px\" \/><\/a><\/figure>\n<\/figure>\n","protected":false},"excerpt":{"rendered":"","protected":false},"author":1,"featured_media":0,"parent":0,"menu_order":0,"comment_status":"closed","ping_status":"closed","template":"page-fullwidth-notitle.php","meta":{"_uag_custom_page_level_css":"","advgb_blocks_editor_width":"","advgb_blocks_columns_visual_guide":"","footnotes":""},"class_list":["post-73","page","type-page","status-publish","hentry"],"uagb_featured_image_src":{"full":false,"thumbnail":false,"medium":false,"medium_large":false,"large":false,"1536x1536":false,"2048x2048":false,"ect-jetpack-portfolio-featured":false,"ect-featured-content":false,"ect-service":false,"post-thumbnail":false,"minimumminimal_single-post-cover":false,"full-width-image":false,"jetpack-portfolio-admin-thumb":false,"featured-content-admin-thumb":false,"service-admin-thumb":false},"uagb_author_info":{"display_name":"Dirk Baumanns","author_link":"http:\/\/www.dirkbaumanns.com\/?author=1"},"uagb_comment_info":0,"uagb_excerpt":null,"coauthors":[],"author_meta":{"author_link":"http:\/\/www.dirkbaumanns.com\/?author=1","display_name":"Dirk Baumanns"},"relative_dates":{"created":"Ver\u00f6ffentlicht 6\u00a0Jahren vor","modified":"Aktualisiert 2\u00a0Jahren vor"},"absolute_dates":{"created":"Ver\u00f6ffentlicht am M\u00e4rz 8, 2020","modified":"Aktualisiert am Juni 23, 2024"},"absolute_dates_time":{"created":"Ver\u00f6ffentlicht am M\u00e4rz 8, 2020 2:37 p.m.","modified":"Aktualisiert am Juni 23, 2024 10:30 p.m."},"featured_img_caption":"","featured_img":false,"series_order":"","jetpack_sharing_enabled":true,"_links":{"self":[{"href":"http:\/\/www.dirkbaumanns.com\/index.php?rest_route=\/wp\/v2\/pages\/73","targetHints":{"allow":["GET"]}}],"collection":[{"href":"http:\/\/www.dirkbaumanns.com\/index.php?rest_route=\/wp\/v2\/pages"}],"about":[{"href":"http:\/\/www.dirkbaumanns.com\/index.php?rest_route=\/wp\/v2\/types\/page"}],"author":[{"embeddable":true,"href":"http:\/\/www.dirkbaumanns.com\/index.php?rest_route=\/wp\/v2\/users\/1"}],"replies":[{"embeddable":true,"href":"http:\/\/www.dirkbaumanns.com\/index.php?rest_route=%2Fwp%2Fv2%2Fcomments&post=73"}],"version-history":[{"count":15,"href":"http:\/\/www.dirkbaumanns.com\/index.php?rest_route=\/wp\/v2\/pages\/73\/revisions"}],"predecessor-version":[{"id":3634,"href":"http:\/\/www.dirkbaumanns.com\/index.php?rest_route=\/wp\/v2\/pages\/73\/revisions\/3634"}],"wp:attachment":[{"href":"http:\/\/www.dirkbaumanns.com\/index.php?rest_route=%2Fwp%2Fv2%2Fmedia&parent=73"}],"curies":[{"name":"wp","href":"https:\/\/api.w.org\/{rel}","templated":true}]}}