{"id":75,"date":"2020-03-08T14:38:38","date_gmt":"2020-03-08T14:38:38","guid":{"rendered":"http:\/\/www.dirkbaumanns.com\/?page_id=75"},"modified":"2024-06-23T22:35:56","modified_gmt":"2024-06-23T20:35:56","slug":"curations","status":"publish","type":"page","link":"http:\/\/www.dirkbaumanns.com\/?page_id=75","title":{"rendered":"CURATIONS"},"content":{"rendered":"\n<figure class=\"wp-block-gallery aligncenter has-nested-images columns-default is-cropped wp-block-gallery-1 is-layout-flex wp-block-gallery-is-layout-flex\">\n<figure class=\"wp-block-image size-large\"><a href=\"http:\/\/www.dirkbaumanns.com\/wp-content\/uploads\/2022\/04\/33103033_436622950120529_8860530249046163456_n.jpg\"><img fetchpriority=\"high\" decoding=\"async\" width=\"725\" height=\"1024\" data-id=\"2807\" src=\"http:\/\/www.dirkbaumanns.com\/wp-content\/uploads\/2022\/04\/33103033_436622950120529_8860530249046163456_n-725x1024.jpg\" alt=\"\" class=\"wp-image-2807\" srcset=\"http:\/\/www.dirkbaumanns.com\/wp-content\/uploads\/2022\/04\/33103033_436622950120529_8860530249046163456_n-725x1024.jpg 725w, http:\/\/www.dirkbaumanns.com\/wp-content\/uploads\/2022\/04\/33103033_436622950120529_8860530249046163456_n-354x500.jpg 354w, http:\/\/www.dirkbaumanns.com\/wp-content\/uploads\/2022\/04\/33103033_436622950120529_8860530249046163456_n-768x1085.jpg 768w, http:\/\/www.dirkbaumanns.com\/wp-content\/uploads\/2022\/04\/33103033_436622950120529_8860530249046163456_n-1087x1536.jpg 1087w, http:\/\/www.dirkbaumanns.com\/wp-content\/uploads\/2022\/04\/33103033_436622950120529_8860530249046163456_n-1070x1512.jpg 1070w, http:\/\/www.dirkbaumanns.com\/wp-content\/uploads\/2022\/04\/33103033_436622950120529_8860530249046163456_n.jpg 1449w\" sizes=\"(max-width: 725px) 100vw, 725px\" \/><\/a><\/figure>\n\n\n\n<figure class=\"wp-block-image size-large\"><a href=\"http:\/\/www.dirkbaumanns.com\/wp-content\/uploads\/2020\/10\/1048779_572011032851262_967320558_o.jpg\"><img decoding=\"async\" width=\"725\" height=\"1024\" data-id=\"1522\" src=\"http:\/\/www.dirkbaumanns.com\/wp-content\/uploads\/2020\/10\/1048779_572011032851262_967320558_o-725x1024.jpg\" alt=\"\" class=\"wp-image-1522\" srcset=\"http:\/\/www.dirkbaumanns.com\/wp-content\/uploads\/2020\/10\/1048779_572011032851262_967320558_o-725x1024.jpg 725w, http:\/\/www.dirkbaumanns.com\/wp-content\/uploads\/2020\/10\/1048779_572011032851262_967320558_o-354x500.jpg 354w, http:\/\/www.dirkbaumanns.com\/wp-content\/uploads\/2020\/10\/1048779_572011032851262_967320558_o-768x1085.jpg 768w, http:\/\/www.dirkbaumanns.com\/wp-content\/uploads\/2020\/10\/1048779_572011032851262_967320558_o.jpg 800w\" sizes=\"(max-width: 725px) 100vw, 725px\" \/><\/a><\/figure>\n\n\n\n<figure class=\"wp-block-image size-large\"><a href=\"http:\/\/www.dirkbaumanns.com\/wp-content\/uploads\/2020\/10\/1013369_435713146526521_132347004_n.jpg\"><img decoding=\"async\" width=\"720\" height=\"960\" data-id=\"1674\" src=\"http:\/\/www.dirkbaumanns.com\/wp-content\/uploads\/2020\/10\/1013369_435713146526521_132347004_n.jpg\" alt=\"\" class=\"wp-image-1674\" srcset=\"http:\/\/www.dirkbaumanns.com\/wp-content\/uploads\/2020\/10\/1013369_435713146526521_132347004_n.jpg 720w, http:\/\/www.dirkbaumanns.com\/wp-content\/uploads\/2020\/10\/1013369_435713146526521_132347004_n-375x500.jpg 375w\" sizes=\"(max-width: 720px) 100vw, 720px\" \/><\/a><\/figure>\n\n\n\n<figure class=\"wp-block-image size-large\"><a href=\"http:\/\/www.dirkbaumanns.com\/wp-content\/uploads\/2020\/10\/1st.jpg\"><img loading=\"lazy\" decoding=\"async\" width=\"678\" height=\"960\" data-id=\"1523\" src=\"http:\/\/www.dirkbaumanns.com\/wp-content\/uploads\/2020\/10\/1st.jpg\" alt=\"\" class=\"wp-image-1523\" srcset=\"http:\/\/www.dirkbaumanns.com\/wp-content\/uploads\/2020\/10\/1st.jpg 678w, http:\/\/www.dirkbaumanns.com\/wp-content\/uploads\/2020\/10\/1st-353x500.jpg 353w\" sizes=\"(max-width: 678px) 100vw, 678px\" \/><\/a><\/figure>\n\n\n\n<figure class=\"wp-block-image size-large\"><a href=\"http:\/\/www.dirkbaumanns.com\/wp-content\/uploads\/2020\/10\/2nd.jpg\"><img loading=\"lazy\" decoding=\"async\" width=\"679\" height=\"960\" data-id=\"1524\" src=\"http:\/\/www.dirkbaumanns.com\/wp-content\/uploads\/2020\/10\/2nd.jpg\" alt=\"\" class=\"wp-image-1524\" srcset=\"http:\/\/www.dirkbaumanns.com\/wp-content\/uploads\/2020\/10\/2nd.jpg 679w, http:\/\/www.dirkbaumanns.com\/wp-content\/uploads\/2020\/10\/2nd-354x500.jpg 354w\" sizes=\"(max-width: 679px) 100vw, 679px\" \/><\/a><\/figure>\n\n\n\n<figure class=\"wp-block-image size-large\"><a href=\"http:\/\/www.dirkbaumanns.com\/wp-content\/uploads\/2020\/10\/3.jpg\"><img loading=\"lazy\" decoding=\"async\" width=\"632\" height=\"886\" data-id=\"1525\" src=\"http:\/\/www.dirkbaumanns.com\/wp-content\/uploads\/2020\/10\/3.jpg\" alt=\"\" class=\"wp-image-1525\" srcset=\"http:\/\/www.dirkbaumanns.com\/wp-content\/uploads\/2020\/10\/3.jpg 632w, http:\/\/www.dirkbaumanns.com\/wp-content\/uploads\/2020\/10\/3-357x500.jpg 357w\" sizes=\"(max-width: 632px) 100vw, 632px\" \/><\/a><\/figure>\n\n\n\n<figure class=\"wp-block-image size-large\"><a href=\"http:\/\/www.dirkbaumanns.com\/wp-content\/uploads\/2020\/10\/4.jpg\"><img loading=\"lazy\" decoding=\"async\" width=\"600\" height=\"649\" data-id=\"1526\" src=\"http:\/\/www.dirkbaumanns.com\/wp-content\/uploads\/2020\/10\/4.jpg\" alt=\"\" class=\"wp-image-1526\" srcset=\"http:\/\/www.dirkbaumanns.com\/wp-content\/uploads\/2020\/10\/4.jpg 600w, http:\/\/www.dirkbaumanns.com\/wp-content\/uploads\/2020\/10\/4-462x500.jpg 462w\" sizes=\"(max-width: 600px) 100vw, 600px\" \/><\/a><\/figure>\n\n\n\n<figure class=\"wp-block-image size-large\"><a href=\"http:\/\/www.dirkbaumanns.com\/wp-content\/uploads\/2020\/10\/554117_404774659620370_885753940_n.jpg\"><img loading=\"lazy\" decoding=\"async\" width=\"685\" height=\"960\" data-id=\"1527\" src=\"http:\/\/www.dirkbaumanns.com\/wp-content\/uploads\/2020\/10\/554117_404774659620370_885753940_n.jpg\" alt=\"\" class=\"wp-image-1527\" srcset=\"http:\/\/www.dirkbaumanns.com\/wp-content\/uploads\/2020\/10\/554117_404774659620370_885753940_n.jpg 685w, http:\/\/www.dirkbaumanns.com\/wp-content\/uploads\/2020\/10\/554117_404774659620370_885753940_n-357x500.jpg 357w\" sizes=\"(max-width: 685px) 100vw, 685px\" \/><\/a><\/figure>\n\n\n\n<figure class=\"wp-block-image size-large\"><a href=\"http:\/\/www.dirkbaumanns.com\/wp-content\/uploads\/2020\/10\/10003361_572352052862629_7713234547160218271_n.jpg\"><img loading=\"lazy\" decoding=\"async\" width=\"600\" height=\"834\" data-id=\"1528\" src=\"http:\/\/www.dirkbaumanns.com\/wp-content\/uploads\/2020\/10\/10003361_572352052862629_7713234547160218271_n.jpg\" alt=\"\" class=\"wp-image-1528\" srcset=\"http:\/\/www.dirkbaumanns.com\/wp-content\/uploads\/2020\/10\/10003361_572352052862629_7713234547160218271_n.jpg 600w, http:\/\/www.dirkbaumanns.com\/wp-content\/uploads\/2020\/10\/10003361_572352052862629_7713234547160218271_n-360x500.jpg 360w\" sizes=\"(max-width: 600px) 100vw, 600px\" \/><\/a><\/figure>\n\n\n\n<figure class=\"wp-block-image size-large\"><a href=\"http:\/\/www.dirkbaumanns.com\/wp-content\/uploads\/2020\/10\/1604892_528868453877656_229247106_n.jpg\"><img loading=\"lazy\" decoding=\"async\" width=\"632\" height=\"886\" data-id=\"1668\" src=\"http:\/\/www.dirkbaumanns.com\/wp-content\/uploads\/2020\/10\/1604892_528868453877656_229247106_n.jpg\" alt=\"\" class=\"wp-image-1668\" srcset=\"http:\/\/www.dirkbaumanns.com\/wp-content\/uploads\/2020\/10\/1604892_528868453877656_229247106_n.jpg 632w, http:\/\/www.dirkbaumanns.com\/wp-content\/uploads\/2020\/10\/1604892_528868453877656_229247106_n-357x500.jpg 357w\" sizes=\"(max-width: 632px) 100vw, 632px\" \/><\/a><\/figure>\n\n\n\n<figure class=\"wp-block-image size-large\"><a href=\"http:\/\/www.dirkbaumanns.com\/wp-content\/uploads\/2020\/10\/1540291_535222123242289_1465438632_o.jpg\"><img loading=\"lazy\" decoding=\"async\" width=\"1024\" height=\"1024\" data-id=\"1669\" src=\"http:\/\/www.dirkbaumanns.com\/wp-content\/uploads\/2020\/10\/1540291_535222123242289_1465438632_o-1024x1024.jpg\" alt=\"\" class=\"wp-image-1669\" srcset=\"http:\/\/www.dirkbaumanns.com\/wp-content\/uploads\/2020\/10\/1540291_535222123242289_1465438632_o-1024x1024.jpg 1024w, http:\/\/www.dirkbaumanns.com\/wp-content\/uploads\/2020\/10\/1540291_535222123242289_1465438632_o-500x500.jpg 500w, http:\/\/www.dirkbaumanns.com\/wp-content\/uploads\/2020\/10\/1540291_535222123242289_1465438632_o-150x150.jpg 150w, http:\/\/www.dirkbaumanns.com\/wp-content\/uploads\/2020\/10\/1540291_535222123242289_1465438632_o-768x768.jpg 768w, http:\/\/www.dirkbaumanns.com\/wp-content\/uploads\/2020\/10\/1540291_535222123242289_1465438632_o-640x640.jpg 640w, http:\/\/www.dirkbaumanns.com\/wp-content\/uploads\/2020\/10\/1540291_535222123242289_1465438632_o-1070x1070.jpg 1070w, http:\/\/www.dirkbaumanns.com\/wp-content\/uploads\/2020\/10\/1540291_535222123242289_1465438632_o-50x50.jpg 50w, http:\/\/www.dirkbaumanns.com\/wp-content\/uploads\/2020\/10\/1540291_535222123242289_1465438632_o.jpg 1181w\" sizes=\"(max-width: 1024px) 100vw, 1024px\" \/><\/a><\/figure>\n\n\n\n<figure class=\"wp-block-image size-large\"><a href=\"http:\/\/www.dirkbaumanns.com\/wp-content\/uploads\/2020\/10\/1962818_547653398665828_47701619_n.jpg\"><img loading=\"lazy\" decoding=\"async\" width=\"886\" height=\"886\" data-id=\"1667\" src=\"http:\/\/www.dirkbaumanns.com\/wp-content\/uploads\/2020\/10\/1962818_547653398665828_47701619_n.jpg\" alt=\"\" class=\"wp-image-1667\" srcset=\"http:\/\/www.dirkbaumanns.com\/wp-content\/uploads\/2020\/10\/1962818_547653398665828_47701619_n.jpg 886w, http:\/\/www.dirkbaumanns.com\/wp-content\/uploads\/2020\/10\/1962818_547653398665828_47701619_n-500x500.jpg 500w, http:\/\/www.dirkbaumanns.com\/wp-content\/uploads\/2020\/10\/1962818_547653398665828_47701619_n-150x150.jpg 150w, http:\/\/www.dirkbaumanns.com\/wp-content\/uploads\/2020\/10\/1962818_547653398665828_47701619_n-768x768.jpg 768w, http:\/\/www.dirkbaumanns.com\/wp-content\/uploads\/2020\/10\/1962818_547653398665828_47701619_n-640x640.jpg 640w, http:\/\/www.dirkbaumanns.com\/wp-content\/uploads\/2020\/10\/1962818_547653398665828_47701619_n-50x50.jpg 50w\" sizes=\"(max-width: 886px) 100vw, 886px\" \/><\/a><\/figure>\n\n\n\n<figure class=\"wp-block-image size-large\"><a href=\"http:\/\/www.dirkbaumanns.com\/wp-content\/uploads\/2020\/10\/12106736_834598146638017_4680788737487473132_n.jpg\"><img loading=\"lazy\" decoding=\"async\" width=\"638\" height=\"900\" data-id=\"1529\" src=\"http:\/\/www.dirkbaumanns.com\/wp-content\/uploads\/2020\/10\/12106736_834598146638017_4680788737487473132_n.jpg\" alt=\"\" class=\"wp-image-1529\" srcset=\"http:\/\/www.dirkbaumanns.com\/wp-content\/uploads\/2020\/10\/12106736_834598146638017_4680788737487473132_n.jpg 638w, http:\/\/www.dirkbaumanns.com\/wp-content\/uploads\/2020\/10\/12106736_834598146638017_4680788737487473132_n-354x500.jpg 354w\" sizes=\"(max-width: 638px) 100vw, 638px\" \/><\/a><\/figure>\n\n\n\n<figure class=\"wp-block-image size-large\"><a href=\"http:\/\/www.dirkbaumanns.com\/wp-content\/uploads\/2020\/10\/34199742_1597290193702138_6847686086244696064_o.jpg\"><img loading=\"lazy\" decoding=\"async\" width=\"819\" height=\"1024\" data-id=\"1666\" src=\"http:\/\/www.dirkbaumanns.com\/wp-content\/uploads\/2020\/10\/34199742_1597290193702138_6847686086244696064_o-819x1024.jpg\" alt=\"\" class=\"wp-image-1666\" srcset=\"http:\/\/www.dirkbaumanns.com\/wp-content\/uploads\/2020\/10\/34199742_1597290193702138_6847686086244696064_o-819x1024.jpg 819w, http:\/\/www.dirkbaumanns.com\/wp-content\/uploads\/2020\/10\/34199742_1597290193702138_6847686086244696064_o-400x500.jpg 400w, http:\/\/www.dirkbaumanns.com\/wp-content\/uploads\/2020\/10\/34199742_1597290193702138_6847686086244696064_o-768x960.jpg 768w, http:\/\/www.dirkbaumanns.com\/wp-content\/uploads\/2020\/10\/34199742_1597290193702138_6847686086244696064_o.jpg 1062w\" sizes=\"(max-width: 819px) 100vw, 819px\" \/><\/a><\/figure>\n\n\n\n<figure class=\"wp-block-image size-large\"><a href=\"http:\/\/www.dirkbaumanns.com\/wp-content\/uploads\/2020\/10\/555769_427997203912352_1824582697_n.jpg\"><img loading=\"lazy\" decoding=\"async\" width=\"632\" height=\"886\" data-id=\"1670\" src=\"http:\/\/www.dirkbaumanns.com\/wp-content\/uploads\/2020\/10\/555769_427997203912352_1824582697_n.jpg\" alt=\"\" class=\"wp-image-1670\" srcset=\"http:\/\/www.dirkbaumanns.com\/wp-content\/uploads\/2020\/10\/555769_427997203912352_1824582697_n.jpg 632w, http:\/\/www.dirkbaumanns.com\/wp-content\/uploads\/2020\/10\/555769_427997203912352_1824582697_n-357x500.jpg 357w\" sizes=\"(max-width: 632px) 100vw, 632px\" \/><\/a><\/figure>\n\n\n\n<figure class=\"wp-block-image size-large\"><a href=\"http:\/\/www.dirkbaumanns.com\/wp-content\/uploads\/2020\/10\/1157572_603877346324336_16598681_n.jpg\"><img loading=\"lazy\" decoding=\"async\" width=\"632\" height=\"893\" data-id=\"1671\" src=\"http:\/\/www.dirkbaumanns.com\/wp-content\/uploads\/2020\/10\/1157572_603877346324336_16598681_n.jpg\" alt=\"\" class=\"wp-image-1671\" srcset=\"http:\/\/www.dirkbaumanns.com\/wp-content\/uploads\/2020\/10\/1157572_603877346324336_16598681_n.jpg 632w, http:\/\/www.dirkbaumanns.com\/wp-content\/uploads\/2020\/10\/1157572_603877346324336_16598681_n-354x500.jpg 354w\" sizes=\"(max-width: 632px) 100vw, 632px\" \/><\/a><\/figure>\n\n\n\n<figure class=\"wp-block-image size-large\"><a href=\"http:\/\/www.dirkbaumanns.com\/wp-content\/uploads\/2020\/10\/1240646_604254822953255_1109289285_n-2.jpg\"><img loading=\"lazy\" decoding=\"async\" width=\"529\" height=\"748\" data-id=\"1672\" src=\"http:\/\/www.dirkbaumanns.com\/wp-content\/uploads\/2020\/10\/1240646_604254822953255_1109289285_n-2.jpg\" alt=\"\" class=\"wp-image-1672\" srcset=\"http:\/\/www.dirkbaumanns.com\/wp-content\/uploads\/2020\/10\/1240646_604254822953255_1109289285_n-2.jpg 529w, http:\/\/www.dirkbaumanns.com\/wp-content\/uploads\/2020\/10\/1240646_604254822953255_1109289285_n-2-354x500.jpg 354w\" sizes=\"(max-width: 529px) 100vw, 529px\" \/><\/a><\/figure>\n\n\n\n<figure class=\"wp-block-image size-large\"><a href=\"http:\/\/www.dirkbaumanns.com\/wp-content\/uploads\/2020\/10\/1273359_607967939248610_547653209_o.jpg\"><img loading=\"lazy\" decoding=\"async\" width=\"725\" height=\"1024\" data-id=\"1665\" src=\"http:\/\/www.dirkbaumanns.com\/wp-content\/uploads\/2020\/10\/1273359_607967939248610_547653209_o-725x1024.jpg\" alt=\"\" class=\"wp-image-1665\" srcset=\"http:\/\/www.dirkbaumanns.com\/wp-content\/uploads\/2020\/10\/1273359_607967939248610_547653209_o-725x1024.jpg 725w, http:\/\/www.dirkbaumanns.com\/wp-content\/uploads\/2020\/10\/1273359_607967939248610_547653209_o-354x500.jpg 354w, http:\/\/www.dirkbaumanns.com\/wp-content\/uploads\/2020\/10\/1273359_607967939248610_547653209_o-768x1085.jpg 768w, http:\/\/www.dirkbaumanns.com\/wp-content\/uploads\/2020\/10\/1273359_607967939248610_547653209_o.jpg 780w\" sizes=\"(max-width: 725px) 100vw, 725px\" \/><\/a><\/figure>\n\n\n\n<figure class=\"wp-block-image size-large\"><a href=\"http:\/\/www.dirkbaumanns.com\/wp-content\/uploads\/2020\/10\/1278174_606927892685948_607556380_o.jpg\"><img loading=\"lazy\" decoding=\"async\" width=\"725\" height=\"1024\" data-id=\"1664\" src=\"http:\/\/www.dirkbaumanns.com\/wp-content\/uploads\/2020\/10\/1278174_606927892685948_607556380_o-725x1024.jpg\" alt=\"\" class=\"wp-image-1664\" srcset=\"http:\/\/www.dirkbaumanns.com\/wp-content\/uploads\/2020\/10\/1278174_606927892685948_607556380_o-725x1024.jpg 725w, http:\/\/www.dirkbaumanns.com\/wp-content\/uploads\/2020\/10\/1278174_606927892685948_607556380_o-354x500.jpg 354w, http:\/\/www.dirkbaumanns.com\/wp-content\/uploads\/2020\/10\/1278174_606927892685948_607556380_o-768x1085.jpg 768w, http:\/\/www.dirkbaumanns.com\/wp-content\/uploads\/2020\/10\/1278174_606927892685948_607556380_o.jpg 780w\" sizes=\"(max-width: 725px) 100vw, 725px\" \/><\/a><\/figure>\n\n\n\n<figure class=\"wp-block-image size-large\"><a href=\"http:\/\/www.dirkbaumanns.com\/wp-content\/uploads\/2020\/10\/1269121_608584555853615_43285624_o.jpg\"><img loading=\"lazy\" decoding=\"async\" width=\"725\" height=\"1024\" data-id=\"1663\" src=\"http:\/\/www.dirkbaumanns.com\/wp-content\/uploads\/2020\/10\/1269121_608584555853615_43285624_o-725x1024.jpg\" alt=\"\" class=\"wp-image-1663\" srcset=\"http:\/\/www.dirkbaumanns.com\/wp-content\/uploads\/2020\/10\/1269121_608584555853615_43285624_o-725x1024.jpg 725w, http:\/\/www.dirkbaumanns.com\/wp-content\/uploads\/2020\/10\/1269121_608584555853615_43285624_o-354x500.jpg 354w, http:\/\/www.dirkbaumanns.com\/wp-content\/uploads\/2020\/10\/1269121_608584555853615_43285624_o-768x1085.jpg 768w, http:\/\/www.dirkbaumanns.com\/wp-content\/uploads\/2020\/10\/1269121_608584555853615_43285624_o.jpg 780w\" sizes=\"(max-width: 725px) 100vw, 725px\" \/><\/a><\/figure>\n\n\n\n<figure class=\"wp-block-image size-large\"><a href=\"http:\/\/www.dirkbaumanns.com\/wp-content\/uploads\/2022\/04\/1149688_513431335403008_1743623235_o.jpg\"><img loading=\"lazy\" decoding=\"async\" width=\"1024\" height=\"680\" data-id=\"2810\" src=\"http:\/\/www.dirkbaumanns.com\/wp-content\/uploads\/2022\/04\/1149688_513431335403008_1743623235_o-1024x680.jpg\" alt=\"\" class=\"wp-image-2810\" srcset=\"http:\/\/www.dirkbaumanns.com\/wp-content\/uploads\/2022\/04\/1149688_513431335403008_1743623235_o-1024x680.jpg 1024w, http:\/\/www.dirkbaumanns.com\/wp-content\/uploads\/2022\/04\/1149688_513431335403008_1743623235_o-500x332.jpg 500w, http:\/\/www.dirkbaumanns.com\/wp-content\/uploads\/2022\/04\/1149688_513431335403008_1743623235_o-768x510.jpg 768w, http:\/\/www.dirkbaumanns.com\/wp-content\/uploads\/2022\/04\/1149688_513431335403008_1743623235_o-1536x1020.jpg 1536w, http:\/\/www.dirkbaumanns.com\/wp-content\/uploads\/2022\/04\/1149688_513431335403008_1743623235_o-1070x711.jpg 1070w, http:\/\/www.dirkbaumanns.com\/wp-content\/uploads\/2022\/04\/1149688_513431335403008_1743623235_o.jpg 2048w\" sizes=\"(max-width: 1024px) 100vw, 1024px\" \/><\/a><\/figure>\n\n\n\n<figure class=\"wp-block-image size-large\"><a href=\"http:\/\/www.dirkbaumanns.com\/wp-content\/uploads\/2022\/04\/48250_433439050103257_1263895607_o-2.jpg\"><img loading=\"lazy\" decoding=\"async\" width=\"838\" height=\"1000\" data-id=\"2811\" src=\"http:\/\/www.dirkbaumanns.com\/wp-content\/uploads\/2022\/04\/48250_433439050103257_1263895607_o-2.jpg\" alt=\"\" class=\"wp-image-2811\" srcset=\"http:\/\/www.dirkbaumanns.com\/wp-content\/uploads\/2022\/04\/48250_433439050103257_1263895607_o-2.jpg 838w, http:\/\/www.dirkbaumanns.com\/wp-content\/uploads\/2022\/04\/48250_433439050103257_1263895607_o-2-419x500.jpg 419w, http:\/\/www.dirkbaumanns.com\/wp-content\/uploads\/2022\/04\/48250_433439050103257_1263895607_o-2-768x916.jpg 768w\" sizes=\"(max-width: 838px) 100vw, 838px\" \/><\/a><\/figure>\n\n\n\n<figure class=\"wp-block-image size-large\"><a href=\"http:\/\/www.dirkbaumanns.com\/wp-content\/uploads\/2022\/04\/1278120_513431362069672_2108135454_o.jpg\"><img loading=\"lazy\" decoding=\"async\" width=\"1024\" height=\"680\" data-id=\"2814\" src=\"http:\/\/www.dirkbaumanns.com\/wp-content\/uploads\/2022\/04\/1278120_513431362069672_2108135454_o-1024x680.jpg\" alt=\"\" class=\"wp-image-2814\" srcset=\"http:\/\/www.dirkbaumanns.com\/wp-content\/uploads\/2022\/04\/1278120_513431362069672_2108135454_o-1024x680.jpg 1024w, http:\/\/www.dirkbaumanns.com\/wp-content\/uploads\/2022\/04\/1278120_513431362069672_2108135454_o-500x332.jpg 500w, http:\/\/www.dirkbaumanns.com\/wp-content\/uploads\/2022\/04\/1278120_513431362069672_2108135454_o-768x510.jpg 768w, http:\/\/www.dirkbaumanns.com\/wp-content\/uploads\/2022\/04\/1278120_513431362069672_2108135454_o-1536x1020.jpg 1536w, http:\/\/www.dirkbaumanns.com\/wp-content\/uploads\/2022\/04\/1278120_513431362069672_2108135454_o-1070x711.jpg 1070w, http:\/\/www.dirkbaumanns.com\/wp-content\/uploads\/2022\/04\/1278120_513431362069672_2108135454_o.jpg 2048w\" sizes=\"(max-width: 1024px) 100vw, 1024px\" \/><\/a><\/figure>\n<\/figure>\n","protected":false},"excerpt":{"rendered":"","protected":false},"author":1,"featured_media":0,"parent":0,"menu_order":0,"comment_status":"closed","ping_status":"closed","template":"page-fullwidth-notitle.php","meta":{"_uag_custom_page_level_css":"","advgb_blocks_editor_width":"","advgb_blocks_columns_visual_guide":"","footnotes":""},"class_list":["post-75","page","type-page","status-publish","hentry"],"uagb_featured_image_src":{"full":false,"thumbnail":false,"medium":false,"medium_large":false,"large":false,"1536x1536":false,"2048x2048":false,"ect-jetpack-portfolio-featured":false,"ect-featured-content":false,"ect-service":false,"post-thumbnail":false,"minimumminimal_single-post-cover":false,"full-width-image":false,"jetpack-portfolio-admin-thumb":false,"featured-content-admin-thumb":false,"service-admin-thumb":false},"uagb_author_info":{"display_name":"Dirk Baumanns","author_link":"http:\/\/www.dirkbaumanns.com\/?author=1"},"uagb_comment_info":0,"uagb_excerpt":null,"coauthors":[],"author_meta":{"author_link":"http:\/\/www.dirkbaumanns.com\/?author=1","display_name":"Dirk Baumanns"},"relative_dates":{"created":"Ver\u00f6ffentlicht 6\u00a0Jahren vor","modified":"Aktualisiert 2\u00a0Jahren vor"},"absolute_dates":{"created":"Ver\u00f6ffentlicht am M\u00e4rz 8, 2020","modified":"Aktualisiert am Juni 23, 2024"},"absolute_dates_time":{"created":"Ver\u00f6ffentlicht am M\u00e4rz 8, 2020 2:38 p.m.","modified":"Aktualisiert am Juni 23, 2024 10:35 p.m."},"featured_img_caption":"","featured_img":false,"series_order":"","jetpack_sharing_enabled":true,"_links":{"self":[{"href":"http:\/\/www.dirkbaumanns.com\/index.php?rest_route=\/wp\/v2\/pages\/75","targetHints":{"allow":["GET"]}}],"collection":[{"href":"http:\/\/www.dirkbaumanns.com\/index.php?rest_route=\/wp\/v2\/pages"}],"about":[{"href":"http:\/\/www.dirkbaumanns.com\/index.php?rest_route=\/wp\/v2\/types\/page"}],"author":[{"embeddable":true,"href":"http:\/\/www.dirkbaumanns.com\/index.php?rest_route=\/wp\/v2\/users\/1"}],"replies":[{"embeddable":true,"href":"http:\/\/www.dirkbaumanns.com\/index.php?rest_route=%2Fwp%2Fv2%2Fcomments&post=75"}],"version-history":[{"count":16,"href":"http:\/\/www.dirkbaumanns.com\/index.php?rest_route=\/wp\/v2\/pages\/75\/revisions"}],"predecessor-version":[{"id":3633,"href":"http:\/\/www.dirkbaumanns.com\/index.php?rest_route=\/wp\/v2\/pages\/75\/revisions\/3633"}],"wp:attachment":[{"href":"http:\/\/www.dirkbaumanns.com\/index.php?rest_route=%2Fwp%2Fv2%2Fmedia&parent=75"}],"curies":[{"name":"wp","href":"https:\/\/api.w.org\/{rel}","templated":true}]}}