{"id":82,"date":"2020-03-08T16:43:43","date_gmt":"2020-03-08T16:43:43","guid":{"rendered":"http:\/\/www.dirkbaumanns.com\/?page_id=82"},"modified":"2022-12-22T15:23:16","modified_gmt":"2022-12-22T13:23:16","slug":"press","status":"publish","type":"page","link":"http:\/\/www.dirkbaumanns.com\/?page_id=82","title":{"rendered":"PRESS"},"content":{"rendered":"\n<div class=\"wp-block-buttons is-horizontal is-content-justification-center is-layout-flex wp-container-core-buttons-is-layout-499968f5 wp-block-buttons-is-layout-flex advgb-dyn-e5e5396c\">\n<div class=\"wp-block-button advgb-dyn-d942f3c8\"><a class=\"wp-block-button__link has-black-background-color has-background wp-element-button\" href=\"http:\/\/www.dirkbaumanns.com\/?page_id=284\">GERMANY<\/a><\/div>\n\n\n\n<div class=\"wp-block-button advgb-dyn-4100de63\"><a class=\"wp-block-button__link has-black-background-color has-background wp-element-button\" href=\"http:\/\/www.dirkbaumanns.com\/?page_id=286\">ENGLAND<\/a><\/div>\n<\/div>\n\n\n\n<div class=\"wp-block-buttons is-horizontal is-content-justification-center is-layout-flex wp-container-core-buttons-is-layout-499968f5 wp-block-buttons-is-layout-flex advgb-dyn-6760e79d\">\n<div class=\"wp-block-button advgb-dyn-1ec0da70\"><a class=\"wp-block-button__link has-black-background-color has-background wp-element-button\" href=\"http:\/\/www.dirkbaumanns.com\/?page_id=282\">ITALY<\/a><\/div>\n\n\n\n<div class=\"wp-block-button advgb-dyn-fe00b5eb\"><a class=\"wp-block-button__link has-black-background-color has-background wp-element-button\" href=\"http:\/\/www.dirkbaumanns.com\/?page_id=279\">CHINA<\/a><\/div>\n\n\n\n<div class=\"wp-block-button advgb-dyn-6c60c31d\"><a class=\"wp-block-button__link has-black-background-color has-background wp-element-button\" href=\"http:\/\/www.dirkbaumanns.com\/?page_id=296\">INDIA<\/a><\/div>\n<\/div>\n","protected":false},"excerpt":{"rendered":"","protected":false},"author":1,"featured_media":0,"parent":0,"menu_order":0,"comment_status":"closed","ping_status":"closed","template":"","meta":{"_uag_custom_page_level_css":"","advgb_blocks_editor_width":"","advgb_blocks_columns_visual_guide":"","footnotes":""},"class_list":["post-82","page","type-page","status-publish","hentry"],"uagb_featured_image_src":{"full":false,"thumbnail":false,"medium":false,"medium_large":false,"large":false,"1536x1536":false,"2048x2048":false,"ect-jetpack-portfolio-featured":false,"ect-featured-content":false,"ect-service":false,"post-thumbnail":false,"minimumminimal_single-post-cover":false,"full-width-image":false,"jetpack-portfolio-admin-thumb":false,"featured-content-admin-thumb":false,"service-admin-thumb":false},"uagb_author_info":{"display_name":"Dirk Baumanns","author_link":"http:\/\/www.dirkbaumanns.com\/?author=1"},"uagb_comment_info":0,"uagb_excerpt":null,"coauthors":[],"author_meta":{"author_link":"http:\/\/www.dirkbaumanns.com\/?author=1","display_name":"Dirk Baumanns"},"relative_dates":{"created":"Ver\u00f6ffentlicht 6\u00a0Jahren vor","modified":"Aktualisiert 3\u00a0Jahren vor"},"absolute_dates":{"created":"Ver\u00f6ffentlicht am M\u00e4rz 8, 2020","modified":"Aktualisiert am Dezember 22, 2022"},"absolute_dates_time":{"created":"Ver\u00f6ffentlicht am M\u00e4rz 8, 2020 4:43 p.m.","modified":"Aktualisiert am Dezember 22, 2022 3:23 p.m."},"featured_img_caption":"","featured_img":false,"series_order":"","jetpack_sharing_enabled":true,"_links":{"self":[{"href":"http:\/\/www.dirkbaumanns.com\/index.php?rest_route=\/wp\/v2\/pages\/82","targetHints":{"allow":["GET"]}}],"collection":[{"href":"http:\/\/www.dirkbaumanns.com\/index.php?rest_route=\/wp\/v2\/pages"}],"about":[{"href":"http:\/\/www.dirkbaumanns.com\/index.php?rest_route=\/wp\/v2\/types\/page"}],"author":[{"embeddable":true,"href":"http:\/\/www.dirkbaumanns.com\/index.php?rest_route=\/wp\/v2\/users\/1"}],"replies":[{"embeddable":true,"href":"http:\/\/www.dirkbaumanns.com\/index.php?rest_route=%2Fwp%2Fv2%2Fcomments&post=82"}],"version-history":[{"count":10,"href":"http:\/\/www.dirkbaumanns.com\/index.php?rest_route=\/wp\/v2\/pages\/82\/revisions"}],"predecessor-version":[{"id":3089,"href":"http:\/\/www.dirkbaumanns.com\/index.php?rest_route=\/wp\/v2\/pages\/82\/revisions\/3089"}],"wp:attachment":[{"href":"http:\/\/www.dirkbaumanns.com\/index.php?rest_route=%2Fwp%2Fv2%2Fmedia&parent=82"}],"curies":[{"name":"wp","href":"https:\/\/api.w.org\/{rel}","templated":true}]}}